{"id":378,"date":"2023-12-03T15:57:11","date_gmt":"2023-12-03T14:57:11","guid":{"rendered":"https:\/\/evolumouv.fr\/?page_id=378"},"modified":"2025-08-29T18:05:50","modified_gmt":"2025-08-29T16:05:50","slug":"coaching-personnalise","status":"publish","type":"page","link":"https:\/\/evolumouv.fr\/index.php\/coaching-personnalise\/","title":{"rendered":"Coaching Personnalis\u00e9 pour TOUS : Solo \/ Duo \/ Trio"},"content":{"rendered":"\n<p>Les coachings personnalis\u00e9s se font uniquement sur&nbsp;<strong>RENDEZ-VOUS<\/strong>, par t\u00e9l\u00e9phone, sms ou WhatsApp.<\/p>\n\n\n\n<figure class=\"wp-block-image size-large\"><img loading=\"lazy\" decoding=\"async\" width=\"1020\" height=\"1024\" src=\"https:\/\/evolumouv.fr\/wp-content\/uploads\/2023\/12\/unnamed-1020x1024.jpeg\" alt=\"\" class=\"wp-image-494\" srcset=\"https:\/\/evolumouv.fr\/wp-content\/uploads\/2023\/12\/unnamed-1020x1024.jpeg 1020w, https:\/\/evolumouv.fr\/wp-content\/uploads\/2023\/12\/unnamed-300x300.jpeg 300w, https:\/\/evolumouv.fr\/wp-content\/uploads\/2023\/12\/unnamed-150x150.jpeg 150w, https:\/\/evolumouv.fr\/wp-content\/uploads\/2023\/12\/unnamed-768x771.jpeg 768w, https:\/\/evolumouv.fr\/wp-content\/uploads\/2023\/12\/unnamed-1530x1536.jpeg 1530w, https:\/\/evolumouv.fr\/wp-content\/uploads\/2023\/12\/unnamed-2040x2048.jpeg 2040w\" sizes=\"auto, (max-width: 1020px) 100vw, 1020px\" \/><\/figure>\n\n\n\n<p><\/p>\n\n\n\n<p>Apr\u00e8s avoir \u00e9chang\u00e9 une premi\u00e8re fois sur vos besoins et attentes, la s\u00e9ance peut avoir lieu au studio Rue Grande \u00e0 Ch\u00e2teauroux. Inspir\u00e9e du Pilates et du renforcement musculaire classique, avec ou sans l\u2019utilisation de petits mat\u00e9riels, en course \u00e0 pied et \u00e9ventuellement toutes autres demandes sp\u00e9cifiques de votre part, je serais l\u00e0 pour vous motiver, vous entrainer et vous aider \u00e0 garder la forme afin d\u2019atteindre vos objectifs.<\/p>\n\n\n\n<p>Les coachings sont ouverts \u00e0 tous et m\u00eames aux femmes enceintes et aux parents avec leur b\u00e9b\u00e9.<\/p>\n\n\n\n<p><strong>Mat\u00e9riel :&nbsp;<\/strong>Pour que la s\u00e9ance se passe dans les meilleures conditions, munissez vous d\u2019une serviette, d\u2019une tenue confortable et d\u2019une bouteille d\u2019eau.<\/p>\n\n\n\n<p><strong>Tarifs :<\/strong> 35\u20ac Solo \/ 60\u20ac Duo \/ 75\u20ac Trio<br><\/p>\n\n\n\n<p><strong><span style=\"text-decoration: underline;\">GYM POUR FEMMES ENCEINTES (ACCESSIBLE AUX CONJOINTS)<\/span><\/strong><\/p>\n\n\n\n<div style=\"height:15px\" aria-hidden=\"true\" class=\"wp-block-spacer\"><\/div>\n\n\n\n<figure class=\"wp-block-image size-large\"><img loading=\"lazy\" decoding=\"async\" width=\"1024\" height=\"683\" src=\"https:\/\/evolumouv.fr\/wp-content\/uploads\/2023\/12\/femmes-enceintes-1024x683.jpeg\" alt=\"\" class=\"wp-image-498\" srcset=\"https:\/\/evolumouv.fr\/wp-content\/uploads\/2023\/12\/femmes-enceintes-1024x683.jpeg 1024w, https:\/\/evolumouv.fr\/wp-content\/uploads\/2023\/12\/femmes-enceintes-300x200.jpeg 300w, https:\/\/evolumouv.fr\/wp-content\/uploads\/2023\/12\/femmes-enceintes-768x512.jpeg 768w, https:\/\/evolumouv.fr\/wp-content\/uploads\/2023\/12\/femmes-enceintes-1536x1024.jpeg 1536w, https:\/\/evolumouv.fr\/wp-content\/uploads\/2023\/12\/femmes-enceintes-2048x1365.jpeg 2048w\" sizes=\"auto, (max-width: 1024px) 100vw, 1024px\" \/><\/figure>\n\n\n\n<p>Pratiquer un sport pendant la grossesse apporte de nombreux b\u00e9n\u00e9fices. Inspir\u00e9e du Pilates et du renforcement musculaire classique, cette gym permet de travailler en profondeur et peut aider \u00e0 lutter contre les douleurs ressenties dans la zone lombaire ou au niveau des articulations, \u00e0 stimuler la circulation sanguine, \u00e0 faciliter le transit\u2026<\/p>\n\n\n\n<p>Venez vous maintenir en forme lors de la grossesse; vous d\u00e9tendre en vous procurant un bien-\u00eatre physique, source d\u2019apaisement et de s\u00e9r\u00e9nit\u00e9 et conservez une activit\u00e9 physique afin d\u2019\u00e9viter l\u2019accumulation de kilos superflus tout en profitant pour \u00e9changer avec les autres femmes enceintes et les parents autour de la parentalit\u00e9\u2026<\/p>\n\n\n\n<p><strong><span style=\"text-decoration: underline;\">GYM POUR PARENTS AVEC B\u00c9B\u00c9S (DE 3 MOIS \u00c0 3 ANS)<\/span><\/strong><\/p>\n\n\n\n<div style=\"height:15px\" aria-hidden=\"true\" class=\"wp-block-spacer\"><\/div>\n\n\n\n<figure class=\"wp-block-image size-large\"><img loading=\"lazy\" decoding=\"async\" width=\"1024\" height=\"641\" src=\"http:\/\/evolumouv.fr\/wp-content\/uploads\/2023\/11\/Capture-decran-2023-11-27-a-12.17.09-1024x641.png\" alt=\"\" class=\"wp-image-268\" srcset=\"https:\/\/evolumouv.fr\/wp-content\/uploads\/2023\/11\/Capture-decran-2023-11-27-a-12.17.09-1024x641.png 1024w, https:\/\/evolumouv.fr\/wp-content\/uploads\/2023\/11\/Capture-decran-2023-11-27-a-12.17.09-300x188.png 300w, https:\/\/evolumouv.fr\/wp-content\/uploads\/2023\/11\/Capture-decran-2023-11-27-a-12.17.09-768x481.png 768w, https:\/\/evolumouv.fr\/wp-content\/uploads\/2023\/11\/Capture-decran-2023-11-27-a-12.17.09-1536x962.png 1536w, https:\/\/evolumouv.fr\/wp-content\/uploads\/2023\/11\/Capture-decran-2023-11-27-a-12.17.09-2048x1283.png 2048w\" sizes=\"auto, (max-width: 1024px) 100vw, 1024px\" \/><\/figure>\n\n\n\n<p>L\u2019objectif est de faire ou refaire du sport avec son tout petit, pour allier plaisir et sant\u00e9 ensemble, et ainsi renforcer votre p\u00e9rin\u00e9e, perdre du poids, r\u00e9duire les maux de dos et retrouver un corps galb\u00e9. Inspir\u00e9e du Pilates et du renforcement musculaire classique, cette gym pour les parents permet de travailler en profondeur, avec son petit en guise de poids. La plupart des exercices se font avec votre b\u00e9b\u00e9 car l\u2019objectif est de pouvoir prendre soin de vous tout en conservant le lien qui vous unit si joliment. Cela se fait par des caresses, des bisous, des port\u00e9s, des \u00e9changes de regards\u2026Il s\u2019agit d\u2019une s\u00e9ance o\u00f9 la convivialit\u00e9 et le plaisir sont pr\u00e9sents tout en faisant des efforts, afin de favoriser le bien \u00eatre du parent et du b\u00e9b\u00e9, de d\u00e9velopper la motricit\u00e9 de chacun et de communiquer autrement avec votre enfant. C\u2019est \u00e9galement un moment privil\u00e9gi\u00e9 pour \u00e9changer autour de la parentalit\u00e9. Exit les clubs de remise en forme classiques, votre nouveau partenaire minceur : VOTRE B\u00c9B\u00c9. Pass\u00e9e la barre des 8kgs, les exercices se transformeront en cours d\u2019halt\u00e9rophilie !<\/p>\n\n\n\n<p><strong>Conditions d\u2019inscription pour les futures mamans et les mamans<\/strong> : <\/p>\n\n\n\n<p>Avoir l\u2019accord de votre gyn\u00e9cologue, m\u00e9decin traitant ou sage-femme, et pour les mamans, avoir commenc\u00e9 la r\u00e9\u00e9ducation p\u00e9rin\u00e9ale.<\/p>\n","protected":false},"excerpt":{"rendered":"<p>Les coachings personnalis\u00e9s se font uniquement sur&nbsp;RENDEZ-VOUS, par t\u00e9l\u00e9phone, sms ou WhatsApp. Apr\u00e8s avoir \u00e9chang\u00e9 une premi\u00e8re fois sur vos besoins et attentes, la s\u00e9ance peut avoir lieu au studio Rue Grande \u00e0 Ch\u00e2teauroux. Inspir\u00e9e du Pilates et du renforcement musculaire classique, avec ou sans l\u2019utilisation de petits mat\u00e9riels, en course \u00e0 pied et \u00e9ventuellement<br \/><a class=\"btn btn-tislider blog-readmore\" href=\"https:\/\/evolumouv.fr\/index.php\/coaching-personnalise\/\">Read More<\/a><\/p>\n","protected":false},"author":1,"featured_media":0,"parent":0,"menu_order":0,"comment_status":"closed","ping_status":"closed","template":"","meta":{"footnotes":""},"class_list":["post-378","page","type-page","status-publish","hentry"],"yoast_head":"<!-- This site is optimized with the Yoast SEO plugin v21.7 - https:\/\/yoast.com\/wordpress\/plugins\/seo\/ -->\n<title>Coaching Personnalis\u00e9 pour TOUS : Solo \/ Duo \/ Trio - Evolu&#039;Mouv&#039;<\/title>\n<meta name=\"robots\" content=\"index, follow, max-snippet:-1, max-image-preview:large, max-video-preview:-1\" \/>\n<link rel=\"canonical\" href=\"https:\/\/evolumouv.fr\/index.php\/coaching-personnalise\/\" \/>\n<meta property=\"og:locale\" content=\"en_US\" \/>\n<meta property=\"og:type\" content=\"article\" \/>\n<meta property=\"og:title\" content=\"Coaching Personnalis\u00e9 pour TOUS : Solo \/ Duo \/ Trio - Evolu&#039;Mouv&#039;\" \/>\n<meta property=\"og:description\" content=\"Les coachings personnalis\u00e9s se font uniquement sur&nbsp;RENDEZ-VOUS, par t\u00e9l\u00e9phone, sms ou WhatsApp. Apr\u00e8s avoir \u00e9chang\u00e9 une premi\u00e8re fois sur vos besoins et attentes, la s\u00e9ance peut avoir lieu au studio Rue Grande \u00e0 Ch\u00e2teauroux. Inspir\u00e9e du Pilates et du renforcement musculaire classique, avec ou sans l\u2019utilisation de petits mat\u00e9riels, en course \u00e0 pied et \u00e9ventuellementRead More\" \/>\n<meta property=\"og:url\" content=\"https:\/\/evolumouv.fr\/index.php\/coaching-personnalise\/\" \/>\n<meta property=\"og:site_name\" content=\"Evolu&#039;Mouv&#039;\" \/>\n<meta property=\"article:modified_time\" content=\"2025-08-29T16:05:50+00:00\" \/>\n<meta property=\"og:image\" content=\"https:\/\/evolumouv.fr\/wp-content\/uploads\/2023\/12\/unnamed-1020x1024.jpeg\" \/>\n<meta name=\"twitter:card\" content=\"summary_large_image\" \/>\n<meta name=\"twitter:label1\" content=\"Est. reading time\" \/>\n\t<meta name=\"twitter:data1\" content=\"3 minutes\" \/>\n<script type=\"application\/ld+json\" class=\"yoast-schema-graph\">{\"@context\":\"https:\/\/schema.org\",\"@graph\":[{\"@type\":\"WebPage\",\"@id\":\"https:\/\/evolumouv.fr\/index.php\/coaching-personnalise\/\",\"url\":\"https:\/\/evolumouv.fr\/index.php\/coaching-personnalise\/\",\"name\":\"Coaching Personnalis\u00e9 pour TOUS : Solo \/ Duo \/ Trio - Evolu&#039;Mouv&#039;\",\"isPartOf\":{\"@id\":\"https:\/\/evolumouv.fr\/#website\"},\"datePublished\":\"2023-12-03T14:57:11+00:00\",\"dateModified\":\"2025-08-29T16:05:50+00:00\",\"breadcrumb\":{\"@id\":\"https:\/\/evolumouv.fr\/index.php\/coaching-personnalise\/#breadcrumb\"},\"inLanguage\":\"en-US\",\"potentialAction\":[{\"@type\":\"ReadAction\",\"target\":[\"https:\/\/evolumouv.fr\/index.php\/coaching-personnalise\/\"]}]},{\"@type\":\"BreadcrumbList\",\"@id\":\"https:\/\/evolumouv.fr\/index.php\/coaching-personnalise\/#breadcrumb\",\"itemListElement\":[{\"@type\":\"ListItem\",\"position\":1,\"name\":\"Accueil\",\"item\":\"https:\/\/evolumouv.fr\/\"},{\"@type\":\"ListItem\",\"position\":2,\"name\":\"Coaching Personnalis\u00e9 pour TOUS : Solo \/ Duo \/ Trio\"}]},{\"@type\":\"WebSite\",\"@id\":\"https:\/\/evolumouv.fr\/#website\",\"url\":\"https:\/\/evolumouv.fr\/\",\"name\":\"Evolu'Mouv'\",\"description\":\"Le sport de -9 mois \u00e0 +de 70 ans\",\"potentialAction\":[{\"@type\":\"SearchAction\",\"target\":{\"@type\":\"EntryPoint\",\"urlTemplate\":\"https:\/\/evolumouv.fr\/?s={search_term_string}\"},\"query-input\":\"required name=search_term_string\"}],\"inLanguage\":\"en-US\"}]}<\/script>\n<!-- \/ Yoast SEO plugin. -->","yoast_head_json":{"title":"Coaching Personnalis\u00e9 pour TOUS : Solo \/ Duo \/ Trio - Evolu&#039;Mouv&#039;","robots":{"index":"index","follow":"follow","max-snippet":"max-snippet:-1","max-image-preview":"max-image-preview:large","max-video-preview":"max-video-preview:-1"},"canonical":"https:\/\/evolumouv.fr\/index.php\/coaching-personnalise\/","og_locale":"en_US","og_type":"article","og_title":"Coaching Personnalis\u00e9 pour TOUS : Solo \/ Duo \/ Trio - Evolu&#039;Mouv&#039;","og_description":"Les coachings personnalis\u00e9s se font uniquement sur&nbsp;RENDEZ-VOUS, par t\u00e9l\u00e9phone, sms ou WhatsApp. Apr\u00e8s avoir \u00e9chang\u00e9 une premi\u00e8re fois sur vos besoins et attentes, la s\u00e9ance peut avoir lieu au studio Rue Grande \u00e0 Ch\u00e2teauroux. Inspir\u00e9e du Pilates et du renforcement musculaire classique, avec ou sans l\u2019utilisation de petits mat\u00e9riels, en course \u00e0 pied et \u00e9ventuellementRead More","og_url":"https:\/\/evolumouv.fr\/index.php\/coaching-personnalise\/","og_site_name":"Evolu&#039;Mouv&#039;","article_modified_time":"2025-08-29T16:05:50+00:00","og_image":[{"url":"https:\/\/evolumouv.fr\/wp-content\/uploads\/2023\/12\/unnamed-1020x1024.jpeg"}],"twitter_card":"summary_large_image","twitter_misc":{"Est. reading time":"3 minutes"},"schema":{"@context":"https:\/\/schema.org","@graph":[{"@type":"WebPage","@id":"https:\/\/evolumouv.fr\/index.php\/coaching-personnalise\/","url":"https:\/\/evolumouv.fr\/index.php\/coaching-personnalise\/","name":"Coaching Personnalis\u00e9 pour TOUS : Solo \/ Duo \/ Trio - Evolu&#039;Mouv&#039;","isPartOf":{"@id":"https:\/\/evolumouv.fr\/#website"},"datePublished":"2023-12-03T14:57:11+00:00","dateModified":"2025-08-29T16:05:50+00:00","breadcrumb":{"@id":"https:\/\/evolumouv.fr\/index.php\/coaching-personnalise\/#breadcrumb"},"inLanguage":"en-US","potentialAction":[{"@type":"ReadAction","target":["https:\/\/evolumouv.fr\/index.php\/coaching-personnalise\/"]}]},{"@type":"BreadcrumbList","@id":"https:\/\/evolumouv.fr\/index.php\/coaching-personnalise\/#breadcrumb","itemListElement":[{"@type":"ListItem","position":1,"name":"Accueil","item":"https:\/\/evolumouv.fr\/"},{"@type":"ListItem","position":2,"name":"Coaching Personnalis\u00e9 pour TOUS : Solo \/ Duo \/ Trio"}]},{"@type":"WebSite","@id":"https:\/\/evolumouv.fr\/#website","url":"https:\/\/evolumouv.fr\/","name":"Evolu'Mouv'","description":"Le sport de -9 mois \u00e0 +de 70 ans","potentialAction":[{"@type":"SearchAction","target":{"@type":"EntryPoint","urlTemplate":"https:\/\/evolumouv.fr\/?s={search_term_string}"},"query-input":"required name=search_term_string"}],"inLanguage":"en-US"}]}},"_links":{"self":[{"href":"https:\/\/evolumouv.fr\/index.php\/wp-json\/wp\/v2\/pages\/378","targetHints":{"allow":["GET"]}}],"collection":[{"href":"https:\/\/evolumouv.fr\/index.php\/wp-json\/wp\/v2\/pages"}],"about":[{"href":"https:\/\/evolumouv.fr\/index.php\/wp-json\/wp\/v2\/types\/page"}],"author":[{"embeddable":true,"href":"https:\/\/evolumouv.fr\/index.php\/wp-json\/wp\/v2\/users\/1"}],"replies":[{"embeddable":true,"href":"https:\/\/evolumouv.fr\/index.php\/wp-json\/wp\/v2\/comments?post=378"}],"version-history":[{"count":19,"href":"https:\/\/evolumouv.fr\/index.php\/wp-json\/wp\/v2\/pages\/378\/revisions"}],"predecessor-version":[{"id":934,"href":"https:\/\/evolumouv.fr\/index.php\/wp-json\/wp\/v2\/pages\/378\/revisions\/934"}],"wp:attachment":[{"href":"https:\/\/evolumouv.fr\/index.php\/wp-json\/wp\/v2\/media?parent=378"}],"curies":[{"name":"wp","href":"https:\/\/api.w.org\/{rel}","templated":true}]}}